{"id":2035,"date":"2013-04-24T12:43:28","date_gmt":"2013-04-24T10:43:28","guid":{"rendered":"http:\/\/www.art-aspects.de\/?page_id=2035"},"modified":"2018-02-24T16:11:57","modified_gmt":"2018-02-24T15:11:57","slug":"srl-fachreise_2012","status":"publish","type":"page","link":"https:\/\/art-aspects.de\/en\/archiv\/2012-2\/srl-fachreise_2012\/","title":{"rendered":"SRL FACHREISE_2012"},"content":{"rendered":"<p><a href=\"http:\/\/relaunch.art-aspects.de\/wp-content\/uploads\/2016\/08\/Utopia_11.jpg\"><img loading=\"lazy\" decoding=\"async\" class=\"lazy aligncenter\" src=\"https:\/\/art-aspects.de\/wp-content\/plugins\/jquery-image-lazy-loading\/images\/grey.gif\" data-original=\"http:\/\/relaunch.art-aspects.de\/wp-content\/uploads\/2016\/08\/Utopia_11.jpg\" alt=\"Utopia_11\" width=\"652\" height=\"434\" \/><noscript><img loading=\"lazy\" decoding=\"async\" class=\"aligncenter\" src=\"http:\/\/relaunch.art-aspects.de\/wp-content\/uploads\/2016\/08\/Utopia_11.jpg\" alt=\"Utopia_11\" width=\"652\" height=\"434\" \/><\/noscript><\/a><\/p>\n<p>The seminar has been hold only in German language.<\/p>\n<p>Diese zweite Fachreise bot konzeptuell einen besonderen Einblick in die Grundlagen und Hintergr\u00fcnde der Insel Lanzarote und in die Nachhaltigkeitsphilosophie, deren Praxistauglichkeit der Vision\u00e4r Cesar Manrique in praktischen Beispielen demonstriert hat.<br \/>\nDie Exkursion wurde begleitet von Expertinnen und Experten aus den Bereichen Planungs- und Umweltwissenschaften, bildende Kunst und Architektur. Die Gemeinde Harfa unterst\u00fctzte das Projekt und bietet sich auch weiterhin als Praxisbeispiel an.<\/p>\n<p>Jochen Hanisch, Prof. Dr.-Ing. (Honorarprofessor an der TU Berlin), Landschaftsplaner, Jg. 48, spezialisiert auf Umweltfolgenabsch\u00e4tzungen (UVP) und Nachhaltigkeitsthemen. War 10 Jahre lang Hochschullehrer f\u00fcr Planungstheorie und -methodik an der TU-Berlin. Mitglied in der Vereinigung f\u00fcr Stadt-, Regional- und Landesplanung (SRL), war Mitglied des Vorstands der SRL und zeitweilig deren erster Vorsitzender. Mitglied in der UVP-Gesellschaft, Gr\u00fcnder und Vorsitzender des Vereins zur F\u00f6rderung der nachhaltigen Entwicklung in Hamburg. Infiziert vom Lanzarote-Manrique-Bazillus, lernt Spanisch. Lebt und arbeitet in Hamburg \u2013 und in wachsendem Umfang auch auf Lanzarote.<\/p>","protected":false},"excerpt":{"rendered":"<p>The seminar has been hold only in German language. Diese zweite Fachreise bot konzeptuell einen besonderen Einblick in die Grundlagen und Hintergr\u00fcnde der Insel Lanzarote und in die Nachhaltigkeitsphilosophie, deren Praxistauglichkeit der Vision\u00e4r Cesar Manrique in praktischen Beispielen demonstriert hat. Die Exkursion wurde begleitet von Expertinnen und Experten aus den Bereichen Planungs- und Umweltwissenschaften, bildende [&hellip;]<\/p>\n","protected":false},"author":2,"featured_media":0,"parent":2050,"menu_order":0,"comment_status":"closed","ping_status":"closed","template":"full-width-page.php","meta":{"footnotes":""},"class_list":["post-2035","page","type-page","status-publish","hentry"],"_links":{"self":[{"href":"https:\/\/art-aspects.de\/en\/wp-json\/wp\/v2\/pages\/2035","targetHints":{"allow":["GET"]}}],"collection":[{"href":"https:\/\/art-aspects.de\/en\/wp-json\/wp\/v2\/pages"}],"about":[{"href":"https:\/\/art-aspects.de\/en\/wp-json\/wp\/v2\/types\/page"}],"author":[{"embeddable":true,"href":"https:\/\/art-aspects.de\/en\/wp-json\/wp\/v2\/users\/2"}],"replies":[{"embeddable":true,"href":"https:\/\/art-aspects.de\/en\/wp-json\/wp\/v2\/comments?post=2035"}],"version-history":[{"count":2,"href":"https:\/\/art-aspects.de\/en\/wp-json\/wp\/v2\/pages\/2035\/revisions"}],"predecessor-version":[{"id":2977,"href":"https:\/\/art-aspects.de\/en\/wp-json\/wp\/v2\/pages\/2035\/revisions\/2977"}],"up":[{"embeddable":true,"href":"https:\/\/art-aspects.de\/en\/wp-json\/wp\/v2\/pages\/2050"}],"wp:attachment":[{"href":"https:\/\/art-aspects.de\/en\/wp-json\/wp\/v2\/media?parent=2035"}],"curies":[{"name":"wp","href":"https:\/\/api.w.org\/{rel}","templated":true}]}}