{"id":2037,"date":"2013-04-24T13:04:44","date_gmt":"2013-04-24T11:04:44","guid":{"rendered":"http:\/\/www.art-aspects.de\/?page_id=2037"},"modified":"2018-02-24T16:10:40","modified_gmt":"2018-02-24T15:10:40","slug":"edu_graphie_2012","status":"publish","type":"page","link":"https:\/\/art-aspects.de\/en\/archiv\/2012-2\/edu_graphie_2012\/","title":{"rendered":"EDU_GRAPHIE_2012"},"content":{"rendered":"<p>This workshop took place only in German language!<\/p>\n<p>Dieser Workshop richtete sein Interesse auf das Schriftbild und die Praxis der Schrift. Der Workshop fand im Rahmen einer Unterrichtswoche in der VON ERLENBACH KUNSTSCHULE in Berlin, nur in deutscher Sprache statt.<\/p>\n<p><a href=\"http:\/\/relaunch.art-aspects.de\/wp-content\/uploads\/2013\/04\/edu_graphie_head.gif\"><img loading=\"lazy\" decoding=\"async\" class=\"lazy aligncenter\" alt=\"edu_graphie_head\" src=\"https:\/\/art-aspects.de\/wp-content\/plugins\/jquery-image-lazy-loading\/images\/grey.gif\" data-original=\"http:\/\/relaunch.art-aspects.de\/wp-content\/uploads\/2013\/04\/edu_graphie_head.gif\" width=\"685\" height=\"139\" \/><noscript><img loading=\"lazy\" decoding=\"async\" class=\"aligncenter\" alt=\"edu_graphie_head\" src=\"http:\/\/relaunch.art-aspects.de\/wp-content\/uploads\/2013\/04\/edu_graphie_head.gif\" width=\"685\" height=\"139\" \/><\/noscript><\/a><\/p>\n<p>Die Anwendung der Handschrift ist ein wesentliches Element unserer Kultur, unserer Geschichte, als auch Ausdruck unserer Pers\u00f6nlichkeit. Die Schrift spielt sowohl in unserer Kultur als auch sozial-gesellschaftlich eine gro\u00dfe Rolle. Wir werden im Workshops zu den Wurzeln dieser Praxis zur\u00fcckzugehen.<\/p>\n<p>Innerhalb dieses Workshops sind wir zu den Wurzeln dieser Praxis der Schrift zur\u00fcckgekehrt und zu ihrer Geschichte und haben an ihre Rolle angekn\u00fcpft, die sie in unserer europ\u00e4ischen Gesellschaft gespielt hat.<\/p>\n<p>Neben dem praktisch fundiertem historischen Fokus haben wir auch die Fragen der \u00c4sthetik innerhalb des Schreibens und seines Gebrauches als ein kreativer Prozess in Bezug auf den Raum, die Bewegung und den K\u00f6rper erforscht.<br \/>\nDurch die vielen Bilder des Schreibens, welches durch Zeichen, durch die Schrift, die schriftliche T\u00e4tigkeit, Notationen, Bewegung und Geste verstanden werden konnten, wurden es den Teilnehmer erm\u00f6glicht, ihre eigenen kreativen Kenntnisse zu erweitern&#8230;..<\/p>","protected":false},"excerpt":{"rendered":"<p>This workshop took place only in German language! Dieser Workshop richtete sein Interesse auf das Schriftbild und die Praxis der Schrift. Der Workshop fand im Rahmen einer Unterrichtswoche in der VON ERLENBACH KUNSTSCHULE in Berlin, nur in deutscher Sprache statt. Die Anwendung der Handschrift ist ein wesentliches Element unserer Kultur, unserer Geschichte, als auch Ausdruck [&hellip;]<\/p>\n","protected":false},"author":2,"featured_media":0,"parent":2050,"menu_order":0,"comment_status":"closed","ping_status":"closed","template":"full-width-page.php","meta":{"footnotes":""},"class_list":["post-2037","page","type-page","status-publish","hentry"],"_links":{"self":[{"href":"https:\/\/art-aspects.de\/en\/wp-json\/wp\/v2\/pages\/2037","targetHints":{"allow":["GET"]}}],"collection":[{"href":"https:\/\/art-aspects.de\/en\/wp-json\/wp\/v2\/pages"}],"about":[{"href":"https:\/\/art-aspects.de\/en\/wp-json\/wp\/v2\/types\/page"}],"author":[{"embeddable":true,"href":"https:\/\/art-aspects.de\/en\/wp-json\/wp\/v2\/users\/2"}],"replies":[{"embeddable":true,"href":"https:\/\/art-aspects.de\/en\/wp-json\/wp\/v2\/comments?post=2037"}],"version-history":[{"count":1,"href":"https:\/\/art-aspects.de\/en\/wp-json\/wp\/v2\/pages\/2037\/revisions"}],"predecessor-version":[{"id":3021,"href":"https:\/\/art-aspects.de\/en\/wp-json\/wp\/v2\/pages\/2037\/revisions\/3021"}],"up":[{"embeddable":true,"href":"https:\/\/art-aspects.de\/en\/wp-json\/wp\/v2\/pages\/2050"}],"wp:attachment":[{"href":"https:\/\/art-aspects.de\/en\/wp-json\/wp\/v2\/media?parent=2037"}],"curies":[{"name":"wp","href":"https:\/\/api.w.org\/{rel}","templated":true}]}}