{"id":2494,"date":"2014-06-08T19:03:59","date_gmt":"2014-06-08T17:03:59","guid":{"rendered":"http:\/\/www.art-aspects.de\/?page_id=2494"},"modified":"2018-02-24T16:02:55","modified_gmt":"2018-02-24T15:02:55","slug":"bilder-die-bewegen","status":"publish","type":"page","link":"https:\/\/art-aspects.de\/en\/archiv\/2016-2\/bilder-die-bewegen\/","title":{"rendered":"BILDER DIE BEWEGEN"},"content":{"rendered":"<p><img loading=\"lazy\" decoding=\"async\" class=\"lazy alignnone size-medium wp-image-2821\" src=\"https:\/\/art-aspects.de\/wp-content\/plugins\/jquery-image-lazy-loading\/images\/grey.gif\" data-original=\"http:\/\/relaunch.art-aspects.de\/wp-content\/uploads\/2014\/06\/Roland-300x206.jpg\" alt=\"Roland\" width=\"300\" height=\"206\" \/><noscript><img loading=\"lazy\" decoding=\"async\" class=\"alignnone size-medium wp-image-2821\" src=\"http:\/\/relaunch.art-aspects.de\/wp-content\/uploads\/2014\/06\/Roland-300x206.jpg\" alt=\"Roland\" width=\"300\" height=\"206\" srcset=\"https:\/\/art-aspects.de\/wp-content\/uploads\/2014\/06\/Roland-300x206.jpg 300w, https:\/\/art-aspects.de\/wp-content\/uploads\/2014\/06\/Roland-768x528.jpg 768w, https:\/\/art-aspects.de\/wp-content\/uploads\/2014\/06\/Roland-1024x704.jpg 1024w, https:\/\/art-aspects.de\/wp-content\/uploads\/2014\/06\/Roland.jpg 1200w\" sizes=\"auto, (max-width: 300px) 100vw, 300px\" \/><\/noscript><br \/>\nJeder hat das Bed\u00fcrfnis sich zu bewegen. Durch den Tanz k\u00f6nnen wir verschiedenste Gef\u00fchlszust\u00e4nde \u2013 seien es Freude, Aufregung oder auch Trauer \u2013 nach au\u00dfen tragen und mit anderen teilen. Was aber, wenn man sich nicht traut? Was, wenn man seinen K\u00f6rper hin und wieder nicht versteht oder einfach nicht wei\u00df, wie man es am besten anstellen soll mit der Bewegung?! Innerhalb eines Workshops sollen Kinder und Jugendliche unterschiedlichen Alters die Chance bekommen spielerisch kreativ zu werden und selbst einmal auf der B\u00fchne zu stehen. K\u00f6rperliche Einschr\u00e4nkungen oder Unerfahrenheit spielen kein Rolle, ganz im Gegenteil. Die Idee ist, die t\u00e4nzerische Bewegung nicht aus sich selbst heraus, sondern inspiriert durch die Malerei zu entwickeln und in ein ganz neues Verh\u00e4ltnis zu Musik zu setzen. Mit einem gemeinsam geschaffenem Gruppenbild sollen die Teilnehmer sich gegenseitig kennen lernen und dar\u00fcber hinaus die jeweilige Einzigartigkeit erforschen und sch\u00e4tzen lernen.<\/p>\n<p>F\u00fcr den Workshop wurde ein Antrag bei &#8221; Aktion Mensch&#8221; gestellt<\/p>\n","protected":false},"excerpt":{"rendered":"<p>Jeder hat das Bed\u00fcrfnis sich zu bewegen. Durch den Tanz k\u00f6nnen wir verschiedenste Gef\u00fchlszust\u00e4nde \u2013 seien es Freude, Aufregung oder auch Trauer \u2013 nach au\u00dfen tragen und mit anderen teilen. Was aber, wenn man sich nicht traut? Was, wenn man seinen K\u00f6rper hin und wieder nicht versteht oder einfach nicht wei\u00df, wie man es am [&hellip;]<\/p>\n","protected":false},"author":2,"featured_media":0,"parent":3195,"menu_order":0,"comment_status":"closed","ping_status":"closed","template":"","meta":{"footnotes":""},"class_list":["post-2494","page","type-page","status-publish","hentry"],"_links":{"self":[{"href":"https:\/\/art-aspects.de\/en\/wp-json\/wp\/v2\/pages\/2494","targetHints":{"allow":["GET"]}}],"collection":[{"href":"https:\/\/art-aspects.de\/en\/wp-json\/wp\/v2\/pages"}],"about":[{"href":"https:\/\/art-aspects.de\/en\/wp-json\/wp\/v2\/types\/page"}],"author":[{"embeddable":true,"href":"https:\/\/art-aspects.de\/en\/wp-json\/wp\/v2\/users\/2"}],"replies":[{"embeddable":true,"href":"https:\/\/art-aspects.de\/en\/wp-json\/wp\/v2\/comments?post=2494"}],"version-history":[{"count":2,"href":"https:\/\/art-aspects.de\/en\/wp-json\/wp\/v2\/pages\/2494\/revisions"}],"predecessor-version":[{"id":2823,"href":"https:\/\/art-aspects.de\/en\/wp-json\/wp\/v2\/pages\/2494\/revisions\/2823"}],"up":[{"embeddable":true,"href":"https:\/\/art-aspects.de\/en\/wp-json\/wp\/v2\/pages\/3195"}],"wp:attachment":[{"href":"https:\/\/art-aspects.de\/en\/wp-json\/wp\/v2\/media?parent=2494"}],"curies":[{"name":"wp","href":"https:\/\/api.w.org\/{rel}","templated":true}]}}