{"id":2593,"date":"2015-07-17T17:02:56","date_gmt":"2015-07-17T15:02:56","guid":{"rendered":"http:\/\/www.art-aspects.de\/?page_id=2593"},"modified":"2018-02-24T16:33:42","modified_gmt":"2018-02-24T15:33:42","slug":"joey-baron_-a-documentation","status":"publish","type":"page","link":"https:\/\/art-aspects.de\/en\/archiv\/2016-2\/joey-baron_-a-documentation\/","title":{"rendered":"JOEY BARON_ DOCUMENTATION"},"content":{"rendered":"<p>As part of the IDENTITY series at art aspects, we work with artists \u00a0documentaries in the form of film, photo and audio interviews.<br \/>\n<a href=\"http:\/\/relaunch.art-aspects.de\/wp-content\/uploads\/2016\/08\/joey-cd.jpg\"><img loading=\"lazy\" decoding=\"async\" class=\"lazy \" src=\"https:\/\/art-aspects.de\/wp-content\/plugins\/jquery-image-lazy-loading\/images\/grey.gif\" data-original=\"http:\/\/relaunch.art-aspects.de\/wp-content\/uploads\/2016\/08\/joey-cd.jpg\" alt=\"joey-cd\" width=\"652\" height=\"596\" \/><noscript><img loading=\"lazy\" decoding=\"async\" src=\"http:\/\/relaunch.art-aspects.de\/wp-content\/uploads\/2016\/08\/joey-cd.jpg\" alt=\"joey-cd\" width=\"652\" height=\"596\" \/><\/noscript><\/a><br \/>\nDie Identit\u00e4t eines Musikers ist durch dessen Konzertt\u00e4tigkeit heute international angelegt. Haben sich Musiker in vergangenen Jahren zu einem l\u00e4ngeren Austausch getroffen, finden diese Treffen aufgrund des wirtschaftlichen Zwangs und der vielz\u00e4hligen Termine nur noch Tageweise und an den verschiedensten Orten der Welt statt. Gab es damals reisende Gruppierungen von Musikern, ist das Reisen heute individualisiert. So entkoppelt sich das Individuum durch das Reisen mehr und mehr seinem sozialen Gef\u00fcge, was sich auch auf die Identit\u00e4t der Person auswirkt.<\/p>\n<p>Joey Baron is a fabulous musician and one of the most famous drummers of the international jazz scene. We asked him for his cooperation. Since Joey Baron is on tour for 50 years and \u00a0thereby also occurs frequently in Europe, he is ideal for the announced project.<\/p>","protected":false},"excerpt":{"rendered":"<p>As part of the IDENTITY series at art aspects, we work with artists \u00a0documentaries in the form of film, photo and audio interviews. Die Identit\u00e4t eines Musikers ist durch dessen Konzertt\u00e4tigkeit heute international angelegt. Haben sich Musiker in vergangenen Jahren zu einem l\u00e4ngeren Austausch getroffen, finden diese Treffen aufgrund des wirtschaftlichen Zwangs und der vielz\u00e4hligen [&hellip;]<\/p>\n","protected":false},"author":2,"featured_media":0,"parent":3195,"menu_order":0,"comment_status":"closed","ping_status":"closed","template":"","meta":{"footnotes":""},"class_list":["post-2593","page","type-page","status-publish","hentry"],"_links":{"self":[{"href":"https:\/\/art-aspects.de\/en\/wp-json\/wp\/v2\/pages\/2593","targetHints":{"allow":["GET"]}}],"collection":[{"href":"https:\/\/art-aspects.de\/en\/wp-json\/wp\/v2\/pages"}],"about":[{"href":"https:\/\/art-aspects.de\/en\/wp-json\/wp\/v2\/types\/page"}],"author":[{"embeddable":true,"href":"https:\/\/art-aspects.de\/en\/wp-json\/wp\/v2\/users\/2"}],"replies":[{"embeddable":true,"href":"https:\/\/art-aspects.de\/en\/wp-json\/wp\/v2\/comments?post=2593"}],"version-history":[{"count":3,"href":"https:\/\/art-aspects.de\/en\/wp-json\/wp\/v2\/pages\/2593\/revisions"}],"predecessor-version":[{"id":2936,"href":"https:\/\/art-aspects.de\/en\/wp-json\/wp\/v2\/pages\/2593\/revisions\/2936"}],"up":[{"embeddable":true,"href":"https:\/\/art-aspects.de\/en\/wp-json\/wp\/v2\/pages\/3195"}],"wp:attachment":[{"href":"https:\/\/art-aspects.de\/en\/wp-json\/wp\/v2\/media?parent=2593"}],"curies":[{"name":"wp","href":"https:\/\/api.w.org\/{rel}","templated":true}]}}