{"id":542,"date":"2012-08-28T15:34:25","date_gmt":"2012-08-28T13:34:25","guid":{"rendered":"http:\/\/www.art-aspects.de\/?page_id=542"},"modified":"2022-12-07T17:23:06","modified_gmt":"2022-12-07T16:23:06","slug":"imprint","status":"publish","type":"page","link":"https:\/\/art-aspects.de\/en\/about\/imprint\/","title":{"rendered":"IMPRINT"},"content":{"rendered":"<p>The following information include the statutory obligation information on Identification as well as the legal information of the website of the art school art aspects art society e.V.<\/p>\n<p><strong>Host<\/strong><br \/>\nHost of this website is in the legal sense the art aspects art society e.V.<br \/>\nart aspects kunstverein<\/p>\n<p>Nostitzstr. 40<br \/>\n10961 Berlin<br \/>\nTel:: +49(0)179-2909029<br \/>\nFax: +49(0)3212-1300507<\/p>\n<p><strong>Website:<\/strong> www.art-spects.de<\/p>\n<p><strong>E-Mail:<\/strong> info(at)art-aspects.de<\/p>\n<p><strong>Bank Account<\/strong><br \/>\nDeutsche Skatbank<br \/>\nAccount: 4041100<br \/>\nBIC: GENODEF1SLR<br \/>\nIban: DE52 8306 5408 0004 0411 00<\/p>\n<p><strong>Register of Association:<\/strong><br \/>\nThe art aspects art society e.V. is listed in the register of association of the District Court of Berlin under the registration number VR 27647.<\/p>\n<p><strong>Representative:<\/strong><\/p>\n<p>The art aspects art society e.V. is legally represented by the Board of Association.<\/p>\n<p><strong>Tax number:<\/strong><br \/>\nThe tax number of the art aspects art society e.V. is 27\/660\/61843<\/p>\n<p>Die Steuernummer des art aspects kunstverein e.V. lautet:\u00a027\/660\/61843<\/p>\n<p>Verantwortlich f\u00fcr den Inhalt und Design: Michael von Erlenbach<\/p>\n<p>Haftungshinweis: Trotz sorgf\u00e4ltiger inhaltlicher Kontrolle \u00fcbernehmen wir keine Haftung f\u00fcr die Inhalte externer Links. F\u00fcr den Inhalt der verlinkten Seiten sind ausschlie\u00dflich deren Betreiber verantwortlich.<\/p>\n<p>Rechtliche Hinweise zur Nutzung der Daten. Alle Rechte vorbehalten. Die Urheberrechte dieser Webseite liegen vollst\u00e4ndig bei Michael von Erlenbach.<\/p>\n<p>Inhalt, Design und Struktur der Webseite unterliegen dem deutschen Urheberrecht. Beitr\u00e4ge Dritter sind als solche gekennzeichnet.<br \/>\nVervielf\u00e4ltigung, Bearbeitung und jede Art der Verwertung au\u00dferhalb der Grenzen des Urheberrechtes bed\u00fcrfen der schriftlichen Zustimmung.<br \/>\nSollten Sie Inhalte dieser Seiten \u00fcbernehmen wollen, nehmen Sie Kontakt zu der o.a. Adresse auf. Der Urheber kann Ihnen das Nutzungsrecht einr\u00e4umen, sich eine Kopie f\u00fcr pers\u00f6nliche Zwecke anzufertigen.<br \/>\nOhne ausdr\u00fcckliche Genehmigung sind Sie nicht berechtigt, Inhalte oder Bestandteile zu ver\u00e4ndern, weiterzugeben oder selbst zu ver\u00f6ffentlichen.<\/p>\n<p>Haftungshinweis<br \/>\nZum Inhalt der gesamten Webseite.<br \/>\nAlle Informationen auf dieser Webseite wurden sorgf\u00e4ltig zusammengestellt. Der Autor \u00fcbernimmt keinerlei Gew\u00e4hr f\u00fcr die Aktualit\u00e4t, Korrektheit, Vollst\u00e4ndigkeit oder Qualit\u00e4t der bereitgestellten Informationen. Haftungsanspr\u00fcche gegen den Autor, welche sich auf Sch\u00e4den materieller oder ideeller Art beziehen, die durch die Nutzung oder Nichtnutzung der dargebotenen Informationen bzw. durch die Nutzung fehlerhafter und unvollst\u00e4ndiger Informationen verursacht wurden, sind grunds\u00e4tzlich ausgeschlossen, sofern seitens des Autors kein nachweislich vors\u00e4tzliches oder grob fahrl\u00e4ssiges Verschulden vorliegt.<\/p>\n<p>Alle Angebote sind freibleibend und unverbindlich. Der Autor beh\u00e4lt es sich ausdr\u00fccklich vor, Teile der Seiten oder das gesamte Angebot ohne gesonderte Ank\u00fcndigung zu ver\u00e4ndern, zu erg\u00e4nzen, zu l\u00f6schen oder die Ver\u00f6ffentlichung zeitweise oder endg\u00fcltig einzustellen.<\/p>\n<p>Benutzung von Informationen<\/p>\n<p>Alle angebotenen Informationen d\u00fcrfen \u2013 auch auszugsweise \u2013 nur mit schriftlicher Genehmigung weiterverbreitet oder anderweitig ver\u00f6ffentlicht werden. Es ist in keinem Fall gestattet, die abgerufenen Informationen online oder auf andere Medien kommerziell zu nutzen oder weiterzuverbreiten!<\/p>\n<p>Verlinkte Seiten<br \/>\nDiese Erkl\u00e4rung gilt f\u00fcr alle auf den Seiten angebrachten Links. Mit Urteil vom 12. Mai 1998 hat das Landgericht Hamburg entschieden, dass durch die Anbringung eines Links die Inhalte der gelinkten Seite gegebenenfalls mit zu verantworten sind. Dieses kann nur dadurch verhindert werden, dass man sich ausdr\u00fccklich von diesen Inhalten distanziert.<\/p>\n<p>Hiermit distanziert sich der Betreiber dieser Seite ausdr\u00fccklich von allen Inhalten zu gelinkten Seiten auf diesem Internet-Angebot, da diese von Fremdanbietern zug\u00e4nglich gemacht werden und wir auf deren wahrheitsgem\u00e4\u00dfen Inhalt keinerlei Einfluss haben.<\/p>\n<p>Markennamen<br \/>\nIn allen auf dieser Seite ver\u00f6ffentlichten Erw\u00e4hnungen und Dateien wird nicht gesondert auf eingetragene Produkt- und Markennamen hingewiesen. Das hei\u00dft, es kann durchaus vorkommen, dass nicht gesondert gekennzeichnete W\u00f6rter oder Bestandteile von Produkt- und Markennamen darstellen. Es ist nicht die Absicht, einen dieser Markennamen zu gesch\u00e4ftlichen Zwecken zu missbrauchen.<\/p>\n<p>Des Weiteren gilt, dass alle auf dieser Seite erw\u00e4hnten Produkt- und Markennamen ihren jeweiligen Eigent\u00fcmern geh\u00f6ren und wir keinerlei markenrechtliche oder sonstige Anspr\u00fcche auf diese Markennamen erheben.<\/p>\n<p>Rechtswirksamkeit dieses Haftungsausschlusses<br \/>\nDieser Haftungsausschluss ist als Teil des Internetangebotes zu betrachten, von dem aus auf diese Seite verwiesen wurde. Sofern Teile oder einzelne Formulierungen dieses Textes der geltenden Rechtslage nicht, nicht mehr oder nicht vollst\u00e4ndig entsprechen sollten, bleiben die \u00fcbrigen Teile des Dokumentes in ihrem Inhalt und ihrer G\u00fcltigkeit davon unber\u00fchrt.<\/p>\n<p>Datenschutzerkl\u00e4rung<br \/>\nUmgang mit Ihren Daten<\/p>\n<p>Wir nehmen den Schutz Ihrer pers\u00f6nlichen Daten sehr ernst und halten uns strikt an die Regeln der Datenschutzgesetze. Personenbezogene Daten werden auf dieser Webseite nur im technisch notwendigen Umfang erhoben. In keinem Fall werden die erhobenen Daten verkauft oder aus anderen Gr\u00fcnden an Dritte weitergegeben.<\/p>\n<p>Die nachfolgende Erkl\u00e4rung gibt Ihnen einen \u00dcberblick dar\u00fcber, wie wir diesen Schutz gew\u00e4hrleisten und welche Art von Daten zu welchem Zweck erhoben werden.<\/p>\n<p>Fehler auf der Seite<\/p>\n<p>Trotz gro\u00dfer Sorgfalt bei der Erstellung der Seite k\u00f6nnten sich Fehler eingeschlichen haben. Falls Sie solche eine Unrichtigkeit finden, beachten Sie bitte folgendes:<\/p>\n<p>Sollten irgendwelcher Inhalt oder die Gestaltung der Seite Rechte Dritter oder sonstige gesetzliche Bestimmungen verletzen oder sollten anderweitige rechtliche Bedenken bestehen, geben Sie bitte eine kurze, f\u00f6rmliche oder formlose, ggf. auch nur telefonische Mitteilung ohne Kostennote. Rechtswidrige Inhalte werden unverz\u00fcglich gel\u00f6scht sowie sonstige rechtliche M\u00e4ngel unverz\u00fcglich beseitigt.<\/p>\n<p>Das hei\u00dft: anwaltliche Abmahnungen ohne eine solche Vorabmitteilung entsprechen nicht unserem tats\u00e4chlichen oder mutma\u00dflichen Willen (siehe auch \u00a7 8 Abs. 4 UWG).<\/p>\n<p>Kontaktdaten siehe oben<\/p>\n<p>Keine unangeforderte Werbung<br \/>\nDer Nutzung von ver\u00f6ffentlichten Kontaktdaten durch Dritte zur \u00dcbersendung von nicht ausdr\u00fccklich angeforderter Werbung und Informationsmaterialien wird hiermit ausdr\u00fccklich widersprochen. Wir behalten uns ausdr\u00fccklich rechtliche Schritte im Falle der unverlangten Zusendung von Werbeinformationen vor.<\/p>","protected":false},"excerpt":{"rendered":"<p>The following information include the statutory obligation information on Identification as well as the legal information of the website of the art school art aspects art society e.V. Host Host of this website is in the legal sense the art aspects art society e.V. art aspects kunstverein Nostitzstr. 40 10961 Berlin Tel:: +49(0)179-2909029 Fax: +49(0)3212-1300507 [&hellip;]<\/p>\n","protected":false},"author":2,"featured_media":0,"parent":5,"menu_order":0,"comment_status":"closed","ping_status":"closed","template":"","meta":{"footnotes":""},"class_list":["post-542","page","type-page","status-publish","hentry"],"_links":{"self":[{"href":"https:\/\/art-aspects.de\/en\/wp-json\/wp\/v2\/pages\/542","targetHints":{"allow":["GET"]}}],"collection":[{"href":"https:\/\/art-aspects.de\/en\/wp-json\/wp\/v2\/pages"}],"about":[{"href":"https:\/\/art-aspects.de\/en\/wp-json\/wp\/v2\/types\/page"}],"author":[{"embeddable":true,"href":"https:\/\/art-aspects.de\/en\/wp-json\/wp\/v2\/users\/2"}],"replies":[{"embeddable":true,"href":"https:\/\/art-aspects.de\/en\/wp-json\/wp\/v2\/comments?post=542"}],"version-history":[{"count":56,"href":"https:\/\/art-aspects.de\/en\/wp-json\/wp\/v2\/pages\/542\/revisions"}],"predecessor-version":[{"id":3655,"href":"https:\/\/art-aspects.de\/en\/wp-json\/wp\/v2\/pages\/542\/revisions\/3655"}],"up":[{"embeddable":true,"href":"https:\/\/art-aspects.de\/en\/wp-json\/wp\/v2\/pages\/5"}],"wp:attachment":[{"href":"https:\/\/art-aspects.de\/en\/wp-json\/wp\/v2\/media?parent=542"}],"curies":[{"name":"wp","href":"https:\/\/api.w.org\/{rel}","templated":true}]}}